{"id":23,"date":"2021-01-29T22:38:41","date_gmt":"2021-01-29T22:38:41","guid":{"rendered":"https:\/\/mdksiegowosc.nl\/?page_id=23"},"modified":"2024-11-05T16:34:35","modified_gmt":"2024-11-05T16:34:35","slug":"over-ons","status":"publish","type":"page","link":"https:\/\/mdksiegowosc.nl\/pl\/over-ons\/","title":{"rendered":"O Firmie"},"content":{"rendered":"<div data-elementor-type=\"wp-page\" data-elementor-id=\"23\" class=\"elementor elementor-23\" data-elementor-post-type=\"page\">\n\t\t\t\t\t\t<section class=\"elementor-section elementor-top-section elementor-element elementor-element-79937ee5 elementor-section-boxed elementor-section-height-default elementor-section-height-default\" data-id=\"79937ee5\" data-element_type=\"section\">\n\t\t\t\t\t\t<div class=\"elementor-container elementor-column-gap-default\">\n\t\t\t\t\t<div class=\"elementor-column elementor-col-100 elementor-top-column elementor-element elementor-element-4d870a6e\" data-id=\"4d870a6e\" data-element_type=\"column\">\n\t\t\t<div class=\"elementor-widget-wrap elementor-element-populated\">\n\t\t\t\t\t\t<div class=\"elementor-element elementor-element-b4700fc elementor-widget elementor-widget-heading\" data-id=\"b4700fc\" data-element_type=\"widget\" data-widget_type=\"heading.default\">\n\t\t\t\t<div class=\"elementor-widget-container\">\n\t\t\t<h4 class=\"elementor-heading-title elementor-size-default\">Witam na stronie internetowej mojej\u00a0firmy.<\/h4>\t\t<\/div>\n\t\t\t\t<\/div>\n\t\t\t\t\t<\/div>\n\t\t<\/div>\n\t\t\t\t\t<\/div>\n\t\t<\/section>\n\t\t\t\t<section class=\"elementor-section elementor-top-section elementor-element elementor-element-348c2c5f elementor-section-content-middle elementor-section-boxed elementor-section-height-default elementor-section-height-default\" data-id=\"348c2c5f\" data-element_type=\"section\">\n\t\t\t\t\t\t<div class=\"elementor-container elementor-column-gap-no\">\n\t\t\t\t\t<div class=\"elementor-column elementor-col-50 elementor-top-column elementor-element elementor-element-7962c94d\" data-id=\"7962c94d\" data-element_type=\"column\">\n\t\t\t<div class=\"elementor-widget-wrap elementor-element-populated\">\n\t\t\t\t\t\t<div class=\"elementor-element elementor-element-4fd86ee1 elementor-widget elementor-widget-text-editor\" data-id=\"4fd86ee1\" data-element_type=\"widget\" data-widget_type=\"text-editor.default\">\n\t\t\t\t<div class=\"elementor-widget-container\">\n\t\t\t\t\t\t\t<p>Mijn naam is Marta D\u0142ugosz. Ik ben in 2014 mijn bedrijf in Nederland gestart op het gebied van administratieve en boekhoudkundige diensten. MD Ksi\u0119gowo\u015b\u0107 is een eenmansbedrijf, wat veel vastberadenheid en zelfdiscipline van mij vereist. Daarom ben ik voortdurend bezig met het verbeteren van mijn kwalificaties.<br \/>Ik benader ieder van u individueel, wat telkens resulteert in een positieve afhandeling van de zaak die mij door de cli\u00ebnt is opgedragen.<\/p>\t\t\t\t\t\t<\/div>\n\t\t\t\t<\/div>\n\t\t\t\t\t<\/div>\n\t\t<\/div>\n\t\t\t\t<div class=\"elementor-column elementor-col-50 elementor-top-column elementor-element elementor-element-558e905c\" data-id=\"558e905c\" data-element_type=\"column\">\n\t\t\t<div class=\"elementor-widget-wrap elementor-element-populated\">\n\t\t\t\t\t\t<div class=\"elementor-element elementor-element-4463f00 elementor-widget elementor-widget-video\" data-id=\"4463f00\" data-element_type=\"widget\" data-settings=\"{&quot;youtube_url&quot;:&quot;https:\\\/\\\/www.youtube.com\\\/watch?v=XPvPK-gLCYU&quot;,&quot;video_type&quot;:&quot;youtube&quot;,&quot;controls&quot;:&quot;yes&quot;}\" data-widget_type=\"video.default\">\n\t\t\t\t<div class=\"elementor-widget-container\">\n\t\t\t\t\t<div class=\"elementor-wrapper elementor-open-inline\">\n\t\t\t<div class=\"elementor-video\"><\/div>\t\t<\/div>\n\t\t\t\t<\/div>\n\t\t\t\t<\/div>\n\t\t\t\t\t<\/div>\n\t\t<\/div>\n\t\t\t\t\t<\/div>\n\t\t<\/section>\n\t\t\t\t<section class=\"elementor-section elementor-top-section elementor-element elementor-element-90952dc elementor-section-boxed elementor-section-height-default elementor-section-height-default\" data-id=\"90952dc\" data-element_type=\"section\">\n\t\t\t\t\t\t<div class=\"elementor-container elementor-column-gap-default\">\n\t\t\t\t\t<div class=\"elementor-column elementor-col-50 elementor-top-column elementor-element elementor-element-cae0264\" data-id=\"cae0264\" data-element_type=\"column\">\n\t\t\t<div class=\"elementor-widget-wrap elementor-element-populated\">\n\t\t\t\t\t\t<div class=\"elementor-element elementor-element-737c022 elementor-widget elementor-widget-image\" data-id=\"737c022\" data-element_type=\"widget\" data-widget_type=\"image.default\">\n\t\t\t\t<div class=\"elementor-widget-container\">\n\t\t\t\t\t\t\t\t\t\t\t\t\t<img fetchpriority=\"high\" decoding=\"async\" width=\"750\" height=\"750\" src=\"https:\/\/mdksiegowosc.nl\/wp-content\/uploads\/2021\/11\/Ksiegowosc-w-Holandii.png\" class=\"attachment-large size-large wp-image-818\" alt=\"\" srcset=\"https:\/\/mdksiegowosc.nl\/wp-content\/uploads\/2021\/11\/Ksiegowosc-w-Holandii.png 800w, https:\/\/mdksiegowosc.nl\/wp-content\/uploads\/2021\/11\/Ksiegowosc-w-Holandii-300x300.png 300w, https:\/\/mdksiegowosc.nl\/wp-content\/uploads\/2021\/11\/Ksiegowosc-w-Holandii-150x150.png 150w, https:\/\/mdksiegowosc.nl\/wp-content\/uploads\/2021\/11\/Ksiegowosc-w-Holandii-768x768.png 768w, https:\/\/mdksiegowosc.nl\/wp-content\/uploads\/2021\/11\/Ksiegowosc-w-Holandii-12x12.png 12w\" sizes=\"(max-width: 750px) 100vw, 750px\" style=\"width:100%;height:100%;max-width:800px\" \/>\t\t\t\t\t\t\t\t\t\t\t\t\t<\/div>\n\t\t\t\t<\/div>\n\t\t\t\t\t<\/div>\n\t\t<\/div>\n\t\t\t\t<div class=\"elementor-column elementor-col-50 elementor-top-column elementor-element elementor-element-01abdab\" data-id=\"01abdab\" data-element_type=\"column\">\n\t\t\t<div class=\"elementor-widget-wrap elementor-element-populated\">\n\t\t\t\t\t\t<div class=\"elementor-element elementor-element-6191a15 elementor-blockquote--skin-border elementor-blockquote--button-color-official elementor-widget elementor-widget-blockquote\" data-id=\"6191a15\" data-element_type=\"widget\" data-widget_type=\"blockquote.default\">\n\t\t\t\t<div class=\"elementor-widget-container\">\n\t\t\t\t\t<blockquote class=\"elementor-blockquote\">\n\t\t\t<p class=\"elementor-blockquote__content\">\n\t\t\t\tDla firm jednoosobowych ZZP posiadam ofert\u0119 kompleksowej obs\u0142ugi ksi\u0119gowej, administracyjnej i fiskalnej.\nOferuj\u0119 pomoc dla\u00a0os\u00f3b, kt\u00f3re\u00a0maj\u0105 w planie za\u0142o\u017cy\u0107 w\u0142asn\u0105 dzia\u0142alno\u015b\u0107 gospodarcz\u0105. W swojej pracy wspieram si\u0119 profesjonalnymi programami ksi\u0119gowymi i fiskalnymi. Z du\u017cym zaanga\u017cowaniem i ochot\u0105 zajm\u0119 si\u0119\nprzetarciem szlaku w g\u0105szczu przepis\u00f3w i\u00a0liczb, aby\u015bcie\u00a0Pa\u0144stwo mogli sprawami i skutecznym rozwojem swojej firmy.\t\t\t<\/p>\n\t\t\t\t\t\t\t<div class=\"e-q-footer\">\n\t\t\t\t\t\t\t\t\t\t\t<cite class=\"elementor-blockquote__author\">Marta Dlugosz<\/cite>\n\t\t\t\t\t\t\t\t\t\t\t\t\t\t<\/div>\n\t\t\t\t\t<\/blockquote>\n\t\t\t\t<\/div>\n\t\t\t\t<\/div>\n\t\t\t\t\t<\/div>\n\t\t<\/div>\n\t\t\t\t\t<\/div>\n\t\t<\/section>\n\t\t\t\t<section class=\"elementor-section elementor-top-section elementor-element elementor-element-62ef522 elementor-section-boxed elementor-section-height-default elementor-section-height-default\" data-id=\"62ef522\" data-element_type=\"section\">\n\t\t\t\t\t\t<div class=\"elementor-container elementor-column-gap-default\">\n\t\t\t\t\t<div class=\"elementor-column elementor-col-100 elementor-top-column elementor-element elementor-element-6d31d19\" data-id=\"6d31d19\" data-element_type=\"column\">\n\t\t\t<div class=\"elementor-widget-wrap elementor-element-populated\">\n\t\t\t\t\t\t<div class=\"elementor-element elementor-element-3c454c6 elementor-widget elementor-widget-heading\" data-id=\"3c454c6\" data-element_type=\"widget\" data-widget_type=\"heading.default\">\n\t\t\t\t<div class=\"elementor-widget-container\">\n\t\t\t<h4 class=\"elementor-heading-title elementor-size-default\">Czas pracy firmy<\/h4>\t\t<\/div>\n\t\t\t\t<\/div>\n\t\t\t\t\t<\/div>\n\t\t<\/div>\n\t\t\t\t\t<\/div>\n\t\t<\/section>\n\t\t\t\t<section class=\"elementor-section elementor-top-section elementor-element elementor-element-b2ef3bc elementor-section-boxed elementor-section-height-default elementor-section-height-default\" data-id=\"b2ef3bc\" data-element_type=\"section\">\n\t\t\t\t\t\t<div class=\"elementor-container elementor-column-gap-default\">\n\t\t\t\t\t<div class=\"elementor-column elementor-col-100 elementor-top-column elementor-element elementor-element-3fc2676\" data-id=\"3fc2676\" data-element_type=\"column\">\n\t\t\t<div class=\"elementor-widget-wrap elementor-element-populated\">\n\t\t\t\t\t\t<div class=\"elementor-element elementor-element-ee2580c elementor-widget elementor-widget-text-editor\" data-id=\"ee2580c\" data-element_type=\"widget\" data-widget_type=\"text-editor.default\">\n\t\t\t\t<div class=\"elementor-widget-container\">\n\t\t\t\t\t\t\t<p>Maandag t\/m vrijdag van 09.00 tot 14.00 uur staat ons team voor u klaar. In overleg zijn afspraken buiten kantooruren mogelijk.<\/p>\t\t\t\t\t\t<\/div>\n\t\t\t\t<\/div>\n\t\t\t\t\t<\/div>\n\t\t<\/div>\n\t\t\t\t\t<\/div>\n\t\t<\/section>\n\t\t\t\t<section class=\"elementor-section elementor-top-section elementor-element elementor-element-14ac62c elementor-section-boxed elementor-section-height-default elementor-section-height-default\" data-id=\"14ac62c\" data-element_type=\"section\">\n\t\t\t\t\t\t<div class=\"elementor-container elementor-column-gap-default\">\n\t\t\t\t\t<div class=\"elementor-column elementor-col-100 elementor-top-column elementor-element elementor-element-fcaa73e\" data-id=\"fcaa73e\" data-element_type=\"column\">\n\t\t\t<div class=\"elementor-widget-wrap\">\n\t\t\t\t\t\t\t<\/div>\n\t\t<\/div>\n\t\t\t\t\t<\/div>\n\t\t<\/section>\n\t\t\t\t<section class=\"elementor-section elementor-top-section elementor-element elementor-element-302e95b elementor-section-boxed elementor-section-height-default elementor-section-height-default\" data-id=\"302e95b\" data-element_type=\"section\">\n\t\t\t\t\t\t<div class=\"elementor-container elementor-column-gap-default\">\n\t\t\t\t\t<div class=\"elementor-column elementor-col-100 elementor-top-column elementor-element elementor-element-45d4391\" data-id=\"45d4391\" data-element_type=\"column\">\n\t\t\t<div class=\"elementor-widget-wrap\">\n\t\t\t\t\t\t\t<\/div>\n\t\t<\/div>\n\t\t\t\t\t<\/div>\n\t\t<\/section>\n\t\t\t\t<\/div>","protected":false},"excerpt":{"rendered":"<p>Welkom op de website van mijn bedrijf Mijn naam is Marta D\u0142ugosz. Ik ben in 2014 mijn bedrijf in Nederland gestart op het gebied van administratieve en boekhoudkundige diensten. MD Ksi\u0119gowo\u015b\u0107 is een eenmansbedrijf, wat veel vastberadenheid en zelfdiscipline van mij vereist. Daarom ben ik voortdurend bezig met het verbeteren van mijn kwalificaties.Ik benader ieder&hellip; <a class=\"more-link\" href=\"https:\/\/mdksiegowosc.nl\/pl\/over-ons\/\">Czytaj dalej <span class=\"screen-reader-text\">O Firmie<\/span><\/a><\/p>","protected":false},"author":1,"featured_media":0,"parent":0,"menu_order":0,"comment_status":"closed","ping_status":"closed","template":"elementor_header_footer","meta":{"footnotes":""},"_links":{"self":[{"href":"https:\/\/mdksiegowosc.nl\/pl\/wp-json\/wp\/v2\/pages\/23"}],"collection":[{"href":"https:\/\/mdksiegowosc.nl\/pl\/wp-json\/wp\/v2\/pages"}],"about":[{"href":"https:\/\/mdksiegowosc.nl\/pl\/wp-json\/wp\/v2\/types\/page"}],"author":[{"embeddable":true,"href":"https:\/\/mdksiegowosc.nl\/pl\/wp-json\/wp\/v2\/users\/1"}],"replies":[{"embeddable":true,"href":"https:\/\/mdksiegowosc.nl\/pl\/wp-json\/wp\/v2\/comments?post=23"}],"version-history":[{"count":52,"href":"https:\/\/mdksiegowosc.nl\/pl\/wp-json\/wp\/v2\/pages\/23\/revisions"}],"predecessor-version":[{"id":929,"href":"https:\/\/mdksiegowosc.nl\/pl\/wp-json\/wp\/v2\/pages\/23\/revisions\/929"}],"wp:attachment":[{"href":"https:\/\/mdksiegowosc.nl\/pl\/wp-json\/wp\/v2\/media?parent=23"}],"curies":[{"name":"wp","href":"https:\/\/api.w.org\/{rel}","templated":true}]}}