{"id":22,"date":"2021-01-29T22:38:41","date_gmt":"2021-01-29T22:38:41","guid":{"rendered":"https:\/\/mdksiegowosc.nl\/?page_id=22"},"modified":"2024-12-12T17:51:54","modified_gmt":"2024-12-12T17:51:54","slug":"create-your-website-with-blocks","status":"publish","type":"page","link":"https:\/\/mdksiegowosc.nl\/pl\/","title":{"rendered":"G\u0141\u00d3WNA"},"content":{"rendered":"<div data-elementor-type=\"wp-page\" data-elementor-id=\"22\" class=\"elementor elementor-22\" data-elementor-post-type=\"page\">\n\t\t\t\t\t\t<section class=\"elementor-section elementor-top-section elementor-element elementor-element-02bb546 elementor-section-full_width elementor-section-height-default elementor-section-height-default\" data-id=\"02bb546\" data-element_type=\"section\">\n\t\t\t\t\t\t<div class=\"elementor-container elementor-column-gap-no\">\n\t\t\t\t\t<div class=\"elementor-column elementor-col-100 elementor-top-column elementor-element elementor-element-58c106e\" data-id=\"58c106e\" data-element_type=\"column\">\n\t\t\t<div class=\"elementor-widget-wrap elementor-element-populated\">\n\t\t\t\t\t\t<div class=\"elementor-element elementor-element-6bf3426 elementor--h-position-center elementor--v-position-middle elementor-arrows-position-inside elementor-pagination-position-inside elementor-widget elementor-widget-slides\" data-id=\"6bf3426\" data-element_type=\"widget\" data-settings=\"{&quot;navigation&quot;:&quot;both&quot;,&quot;autoplay&quot;:&quot;yes&quot;,&quot;pause_on_hover&quot;:&quot;yes&quot;,&quot;pause_on_interaction&quot;:&quot;yes&quot;,&quot;autoplay_speed&quot;:5000,&quot;infinite&quot;:&quot;yes&quot;,&quot;transition&quot;:&quot;slide&quot;,&quot;transition_speed&quot;:500}\" data-widget_type=\"slides.default\">\n\t\t\t\t<div class=\"elementor-widget-container\">\n\t\t\t\t\t<div class=\"elementor-swiper\">\n\t\t\t<div class=\"elementor-slides-wrapper elementor-main-swiper swiper\" dir=\"ltr\" data-animation=\"fadeInUp\">\n\t\t\t\t<div class=\"swiper-wrapper elementor-slides\">\n\t\t\t\t\t\t\t\t\t\t<div class=\"elementor-repeater-item-dcf323d swiper-slide\"><div class=\"swiper-slide-bg elementor-ken-burns elementor-ken-burns--in\" role=\"img\"><\/div><div class=\"swiper-slide-inner\" ><div class=\"swiper-slide-contents\"><div class=\"elementor-slide-heading\">Biuro rachunkowe MD Ksi\u0119gowo\u015b\u0107<\/div><div class=\"elementor-slide-description\">Ksi\u0119gowo\u015b\u0107 dla os\u00f3b prywatnych i freelancer\u00f3w.<\/div><\/div><\/div><\/div>\t\t\t\t<\/div>\n\t\t\t\t\t\t\t<\/div>\n\t\t<\/div>\n\t\t\t\t<\/div>\n\t\t\t\t<\/div>\n\t\t\t\t\t<\/div>\n\t\t<\/div>\n\t\t\t\t\t<\/div>\n\t\t<\/section>\n\t\t\t\t<section class=\"elementor-section elementor-top-section elementor-element elementor-element-2714073a elementor-section-content-middle elementor-section-full_width elementor-section-height-default elementor-section-height-default\" data-id=\"2714073a\" data-element_type=\"section\">\n\t\t\t\t\t\t<div class=\"elementor-container elementor-column-gap-no\">\n\t\t\t\t\t<div class=\"elementor-column elementor-col-100 elementor-top-column elementor-element elementor-element-346ef7db\" data-id=\"346ef7db\" data-element_type=\"column\">\n\t\t\t<div class=\"elementor-widget-wrap elementor-element-populated\">\n\t\t\t\t\t\t<div class=\"elementor-element elementor-element-6cc484aa elementor-widget elementor-widget-heading\" data-id=\"6cc484aa\" data-element_type=\"widget\" data-widget_type=\"heading.default\">\n\t\t\t\t<div class=\"elementor-widget-container\">\n\t\t\t<h4 class=\"elementor-heading-title elementor-size-default\">Us\u0142ugi<\/h4>\t\t<\/div>\n\t\t\t\t<\/div>\n\t\t\t\t\t<\/div>\n\t\t<\/div>\n\t\t\t\t\t<\/div>\n\t\t<\/section>\n\t\t\t\t<section class=\"elementor-section elementor-top-section elementor-element elementor-element-aca727b elementor-section-boxed elementor-section-height-default elementor-section-height-default\" data-id=\"aca727b\" data-element_type=\"section\">\n\t\t\t\t\t\t<div class=\"elementor-container elementor-column-gap-default\">\n\t\t\t\t\t<div class=\"elementor-column elementor-col-100 elementor-top-column elementor-element elementor-element-33c1c5b\" data-id=\"33c1c5b\" data-element_type=\"column\">\n\t\t\t<div class=\"elementor-widget-wrap elementor-element-populated\">\n\t\t\t\t\t\t<div class=\"elementor-element elementor-element-eb5d3a4 elementor-widget elementor-widget-video\" data-id=\"eb5d3a4\" data-element_type=\"widget\" data-settings=\"{&quot;youtube_url&quot;:&quot;https:\\\/\\\/www.youtube.com\\\/watch?v=XPvPK-gLCYU&quot;,&quot;video_type&quot;:&quot;youtube&quot;,&quot;controls&quot;:&quot;yes&quot;}\" data-widget_type=\"video.default\">\n\t\t\t\t<div class=\"elementor-widget-container\">\n\t\t\t\t\t<div class=\"elementor-wrapper elementor-open-inline\">\n\t\t\t<div class=\"elementor-video\"><\/div>\t\t<\/div>\n\t\t\t\t<\/div>\n\t\t\t\t<\/div>\n\t\t\t\t<section class=\"elementor-section elementor-inner-section elementor-element elementor-element-14b620d4 elementor-section-content-middle elementor-section-full_width elementor-section-height-default elementor-section-height-default\" data-id=\"14b620d4\" data-element_type=\"section\">\n\t\t\t\t\t\t<div class=\"elementor-container elementor-column-gap-no\">\n\t\t\t\t\t<div class=\"elementor-column elementor-col-25 elementor-inner-column elementor-element elementor-element-e9f3c67\" data-id=\"e9f3c67\" data-element_type=\"column\">\n\t\t\t<div class=\"elementor-widget-wrap elementor-element-populated\">\n\t\t\t\t\t\t<div class=\"elementor-element elementor-element-8c3bcbf elementor-widget__width-initial elementor-widget elementor-widget-image\" data-id=\"8c3bcbf\" data-element_type=\"widget\" data-widget_type=\"image.default\">\n\t\t\t\t<div class=\"elementor-widget-container\">\n\t\t\t\t\t\t\t\t\t\t\t\t\t<img fetchpriority=\"high\" decoding=\"async\" width=\"750\" height=\"750\" src=\"https:\/\/mdksiegowosc.nl\/wp-content\/uploads\/2024\/11\/baner-2022-2.png\" class=\"attachment-large size-large wp-image-920\" alt=\"\" srcset=\"https:\/\/mdksiegowosc.nl\/wp-content\/uploads\/2024\/11\/baner-2022-2.png 800w, https:\/\/mdksiegowosc.nl\/wp-content\/uploads\/2024\/11\/baner-2022-2-300x300.png 300w, https:\/\/mdksiegowosc.nl\/wp-content\/uploads\/2024\/11\/baner-2022-2-150x150.png 150w, https:\/\/mdksiegowosc.nl\/wp-content\/uploads\/2024\/11\/baner-2022-2-768x768.png 768w, https:\/\/mdksiegowosc.nl\/wp-content\/uploads\/2024\/11\/baner-2022-2-12x12.png 12w\" sizes=\"(max-width: 750px) 100vw, 750px\" style=\"width:100%;height:100%;max-width:800px\" \/>\t\t\t\t\t\t\t\t\t\t\t\t\t<\/div>\n\t\t\t\t<\/div>\n\t\t\t\t<div class=\"elementor-element elementor-element-2c921a4 elementor-widget elementor-widget-image-box\" data-id=\"2c921a4\" data-element_type=\"widget\" data-widget_type=\"image-box.default\">\n\t\t\t\t<div class=\"elementor-widget-container\">\n\t\t\t<div class=\"elementor-image-box-wrapper\"><div class=\"elementor-image-box-content\"><h3 class=\"elementor-image-box-title\">Ksi\u0119gowo\u015b\u0107 ZZP<\/h3><\/div><\/div>\t\t<\/div>\n\t\t\t\t<\/div>\n\t\t\t\t<div class=\"elementor-element elementor-element-258fe5c elementor-align-center elementor-widget elementor-widget-button\" data-id=\"258fe5c\" data-element_type=\"widget\" data-widget_type=\"button.default\">\n\t\t\t\t<div class=\"elementor-widget-container\">\n\t\t\t\t\t<div class=\"elementor-button-wrapper\">\n\t\t\t<a class=\"elementor-button elementor-button-link elementor-size-sm\" href=\"https:\/\/mdksiegowosc.nl\/pl\/accounting-zzp\/\">\n\t\t\t\t\t\t<span class=\"elementor-button-content-wrapper\">\n\t\t\t\t\t\t\t\t\t<span class=\"elementor-button-text\">Dowiedz sie wiecej<\/span>\n\t\t\t\t\t<\/span>\n\t\t\t\t\t<\/a>\n\t\t<\/div>\n\t\t\t\t<\/div>\n\t\t\t\t<\/div>\n\t\t\t\t\t<\/div>\n\t\t<\/div>\n\t\t\t\t<div class=\"elementor-column elementor-col-25 elementor-inner-column elementor-element elementor-element-7df128bc\" data-id=\"7df128bc\" data-element_type=\"column\">\n\t\t\t<div class=\"elementor-widget-wrap elementor-element-populated\">\n\t\t\t\t\t\t<div class=\"elementor-element elementor-element-67a4fc4 elementor-widget elementor-widget-image\" data-id=\"67a4fc4\" data-element_type=\"widget\" data-widget_type=\"image.default\">\n\t\t\t\t<div class=\"elementor-widget-container\">\n\t\t\t\t\t\t\t\t\t\t\t\t\t<img decoding=\"async\" width=\"750\" height=\"750\" src=\"https:\/\/mdksiegowosc.nl\/wp-content\/uploads\/2024\/11\/368082142_1343279246327294_3814126718660397304_n-2.png\" class=\"attachment-large size-large wp-image-922\" alt=\"\" srcset=\"https:\/\/mdksiegowosc.nl\/wp-content\/uploads\/2024\/11\/368082142_1343279246327294_3814126718660397304_n-2.png 1000w, https:\/\/mdksiegowosc.nl\/wp-content\/uploads\/2024\/11\/368082142_1343279246327294_3814126718660397304_n-2-300x300.png 300w, https:\/\/mdksiegowosc.nl\/wp-content\/uploads\/2024\/11\/368082142_1343279246327294_3814126718660397304_n-2-150x150.png 150w, https:\/\/mdksiegowosc.nl\/wp-content\/uploads\/2024\/11\/368082142_1343279246327294_3814126718660397304_n-2-768x768.png 768w, https:\/\/mdksiegowosc.nl\/wp-content\/uploads\/2024\/11\/368082142_1343279246327294_3814126718660397304_n-2-12x12.png 12w\" sizes=\"(max-width: 750px) 100vw, 750px\" style=\"width:100%;height:100%;max-width:1000px\" \/>\t\t\t\t\t\t\t\t\t\t\t\t\t<\/div>\n\t\t\t\t<\/div>\n\t\t\t\t<div class=\"elementor-element elementor-element-42a460d7 elementor-widget elementor-widget-image-box\" data-id=\"42a460d7\" data-element_type=\"widget\" data-widget_type=\"image-box.default\">\n\t\t\t\t<div class=\"elementor-widget-container\">\n\t\t\t<div class=\"elementor-image-box-wrapper\"><div class=\"elementor-image-box-content\"><h3 class=\"elementor-image-box-title\">Podatki I dofinansowania<\/h3><\/div><\/div>\t\t<\/div>\n\t\t\t\t<\/div>\n\t\t\t\t<div class=\"elementor-element elementor-element-54f18ee1 elementor-align-center elementor-widget elementor-widget-button\" data-id=\"54f18ee1\" data-element_type=\"widget\" data-widget_type=\"button.default\">\n\t\t\t\t<div class=\"elementor-widget-container\">\n\t\t\t\t\t<div class=\"elementor-button-wrapper\">\n\t\t\t<a class=\"elementor-button elementor-button-link elementor-size-sm\" href=\"https:\/\/mdksiegowosc.nl\/pl\/taxes-and-financing\/\">\n\t\t\t\t\t\t<span class=\"elementor-button-content-wrapper\">\n\t\t\t\t\t\t\t\t\t<span class=\"elementor-button-text\">Dowiedz sie wiecej<\/span>\n\t\t\t\t\t<\/span>\n\t\t\t\t\t<\/a>\n\t\t<\/div>\n\t\t\t\t<\/div>\n\t\t\t\t<\/div>\n\t\t\t\t\t<\/div>\n\t\t<\/div>\n\t\t\t\t<div class=\"elementor-column elementor-col-25 elementor-inner-column elementor-element elementor-element-3359f957\" data-id=\"3359f957\" data-element_type=\"column\">\n\t\t\t<div class=\"elementor-widget-wrap elementor-element-populated\">\n\t\t\t\t\t\t<div class=\"elementor-element elementor-element-86a5d14 elementor-widget elementor-widget-image\" data-id=\"86a5d14\" data-element_type=\"widget\" data-widget_type=\"image.default\">\n\t\t\t\t<div class=\"elementor-widget-container\">\n\t\t\t\t\t\t\t\t\t\t\t\t\t<img decoding=\"async\" width=\"245\" height=\"206\" src=\"https:\/\/mdksiegowosc.nl\/wp-content\/uploads\/2024\/11\/uwv.png\" class=\"attachment-large size-large wp-image-919\" alt=\"\" srcset=\"https:\/\/mdksiegowosc.nl\/wp-content\/uploads\/2024\/11\/uwv.png 245w, https:\/\/mdksiegowosc.nl\/wp-content\/uploads\/2024\/11\/uwv-14x12.png 14w\" sizes=\"(max-width: 245px) 100vw, 245px\" style=\"width:100%;height:84.08%;max-width:245px\" \/>\t\t\t\t\t\t\t\t\t\t\t\t\t<\/div>\n\t\t\t\t<\/div>\n\t\t\t\t<div class=\"elementor-element elementor-element-73ac4642 elementor-widget elementor-widget-image-box\" data-id=\"73ac4642\" data-element_type=\"widget\" data-widget_type=\"image-box.default\">\n\t\t\t\t<div class=\"elementor-widget-container\">\n\t\t\t<div class=\"elementor-image-box-wrapper\"><div class=\"elementor-image-box-content\"><h3 class=\"elementor-image-box-title\">Zasi\u0142ki dla bezrobotnych<\/h3><\/div><\/div>\t\t<\/div>\n\t\t\t\t<\/div>\n\t\t\t\t<div class=\"elementor-element elementor-element-7a8f00d4 elementor-align-center elementor-widget elementor-widget-button\" data-id=\"7a8f00d4\" data-element_type=\"widget\" data-widget_type=\"button.default\">\n\t\t\t\t<div class=\"elementor-widget-container\">\n\t\t\t\t\t<div class=\"elementor-button-wrapper\">\n\t\t\t<a class=\"elementor-button elementor-button-link elementor-size-sm\" href=\"https:\/\/mdksiegowosc.nl\/pl\/unemployment-benefits\/\">\n\t\t\t\t\t\t<span class=\"elementor-button-content-wrapper\">\n\t\t\t\t\t\t\t\t\t<span class=\"elementor-button-text\">Dowiedz sie wiecej<\/span>\n\t\t\t\t\t<\/span>\n\t\t\t\t\t<\/a>\n\t\t<\/div>\n\t\t\t\t<\/div>\n\t\t\t\t<\/div>\n\t\t\t\t\t<\/div>\n\t\t<\/div>\n\t\t\t\t<div class=\"elementor-column elementor-col-25 elementor-inner-column elementor-element elementor-element-4bfd0720\" data-id=\"4bfd0720\" data-element_type=\"column\">\n\t\t\t<div class=\"elementor-widget-wrap elementor-element-populated\">\n\t\t\t\t\t\t<div class=\"elementor-element elementor-element-51260f5 elementor-widget elementor-widget-image\" data-id=\"51260f5\" data-element_type=\"widget\" data-widget_type=\"image.default\">\n\t\t\t\t<div class=\"elementor-widget-container\">\n\t\t\t\t\t\t\t\t\t\t\t\t\t<img loading=\"lazy\" decoding=\"async\" width=\"750\" height=\"750\" src=\"https:\/\/mdksiegowosc.nl\/wp-content\/uploads\/2024\/11\/369877004_1545808826155740_6843259298766332636_n.png\" class=\"attachment-large size-large wp-image-923\" alt=\"\" srcset=\"https:\/\/mdksiegowosc.nl\/wp-content\/uploads\/2024\/11\/369877004_1545808826155740_6843259298766332636_n.png 1000w, https:\/\/mdksiegowosc.nl\/wp-content\/uploads\/2024\/11\/369877004_1545808826155740_6843259298766332636_n-300x300.png 300w, https:\/\/mdksiegowosc.nl\/wp-content\/uploads\/2024\/11\/369877004_1545808826155740_6843259298766332636_n-150x150.png 150w, https:\/\/mdksiegowosc.nl\/wp-content\/uploads\/2024\/11\/369877004_1545808826155740_6843259298766332636_n-768x768.png 768w, https:\/\/mdksiegowosc.nl\/wp-content\/uploads\/2024\/11\/369877004_1545808826155740_6843259298766332636_n-12x12.png 12w\" sizes=\"(max-width: 750px) 100vw, 750px\" style=\"width:100%;height:100%;max-width:1000px\" \/>\t\t\t\t\t\t\t\t\t\t\t\t\t<\/div>\n\t\t\t\t<\/div>\n\t\t\t\t<div class=\"elementor-element elementor-element-3880dd1 elementor-widget elementor-widget-image-box\" data-id=\"3880dd1\" data-element_type=\"widget\" data-widget_type=\"image-box.default\">\n\t\t\t\t<div class=\"elementor-widget-container\">\n\t\t\t<div class=\"elementor-image-box-wrapper\"><div class=\"elementor-image-box-content\"><h3 class=\"elementor-image-box-title\">Pomoc w spr. Urz\u0119dowych<\/h3><\/div><\/div>\t\t<\/div>\n\t\t\t\t<\/div>\n\t\t\t\t<div class=\"elementor-element elementor-element-4c738984 elementor-align-center elementor-widget elementor-widget-button\" data-id=\"4c738984\" data-element_type=\"widget\" data-widget_type=\"button.default\">\n\t\t\t\t<div class=\"elementor-widget-container\">\n\t\t\t\t\t<div class=\"elementor-button-wrapper\">\n\t\t\t<a class=\"elementor-button elementor-button-link elementor-size-sm\" href=\"https:\/\/mdksiegowosc.nl\/pl\/other-services\/\">\n\t\t\t\t\t\t<span class=\"elementor-button-content-wrapper\">\n\t\t\t\t\t\t\t\t\t<span class=\"elementor-button-text\">Dowiedz sie wiecej<\/span>\n\t\t\t\t\t<\/span>\n\t\t\t\t\t<\/a>\n\t\t<\/div>\n\t\t\t\t<\/div>\n\t\t\t\t<\/div>\n\t\t\t\t\t<\/div>\n\t\t<\/div>\n\t\t\t\t\t<\/div>\n\t\t<\/section>\n\t\t\t\t<div class=\"elementor-element elementor-element-fe9450c elementor-widget elementor-widget-video\" data-id=\"fe9450c\" data-element_type=\"widget\" data-settings=\"{&quot;youtube_url&quot;:&quot;https:\\\/\\\/www.youtube.com\\\/watch?v=u-KI9_SOD4Q&quot;,&quot;video_type&quot;:&quot;youtube&quot;,&quot;controls&quot;:&quot;yes&quot;}\" data-widget_type=\"video.default\">\n\t\t\t\t<div class=\"elementor-widget-container\">\n\t\t\t\t\t<div class=\"elementor-wrapper elementor-open-inline\">\n\t\t\t<div class=\"elementor-video\"><\/div>\t\t<\/div>\n\t\t\t\t<\/div>\n\t\t\t\t<\/div>\n\t\t\t\t\t<\/div>\n\t\t<\/div>\n\t\t\t\t\t<\/div>\n\t\t<\/section>\n\t\t\t\t<\/div>","protected":false},"excerpt":{"rendered":"<p>Boekhoudkantoor MD KsiegowoscBoekhouding voor particulieren en ZZP&#8217;ers. Diensten Boekhouding ZZP Meer Belasting &amp; Financien Meer Werkloosheids uitkeringen Meer Overige Meer<\/p>","protected":false},"author":1,"featured_media":0,"parent":0,"menu_order":0,"comment_status":"closed","ping_status":"closed","template":"elementor_header_footer","meta":{"footnotes":""},"_links":{"self":[{"href":"https:\/\/mdksiegowosc.nl\/pl\/wp-json\/wp\/v2\/pages\/22"}],"collection":[{"href":"https:\/\/mdksiegowosc.nl\/pl\/wp-json\/wp\/v2\/pages"}],"about":[{"href":"https:\/\/mdksiegowosc.nl\/pl\/wp-json\/wp\/v2\/types\/page"}],"author":[{"embeddable":true,"href":"https:\/\/mdksiegowosc.nl\/pl\/wp-json\/wp\/v2\/users\/1"}],"replies":[{"embeddable":true,"href":"https:\/\/mdksiegowosc.nl\/pl\/wp-json\/wp\/v2\/comments?post=22"}],"version-history":[{"count":158,"href":"https:\/\/mdksiegowosc.nl\/pl\/wp-json\/wp\/v2\/pages\/22\/revisions"}],"predecessor-version":[{"id":935,"href":"https:\/\/mdksiegowosc.nl\/pl\/wp-json\/wp\/v2\/pages\/22\/revisions\/935"}],"wp:attachment":[{"href":"https:\/\/mdksiegowosc.nl\/pl\/wp-json\/wp\/v2\/media?parent=22"}],"curies":[{"name":"wp","href":"https:\/\/api.w.org\/{rel}","templated":true}]}}